{"id":3118,"date":"2017-07-11T16:47:19","date_gmt":"2017-07-11T14:47:19","guid":{"rendered":"http:\/\/tradas.com\/?page_id=3118\/"},"modified":"2022-05-31T10:47:23","modified_gmt":"2022-05-31T08:47:23","slug":"traduction-economique-financiere","status":"publish","type":"page","link":"https:\/\/tradas.com\/fr\/specialisations\/traduction-economique-financiere\/","title":{"rendered":"Traduction \u00e9conomique et financi\u00e8re"},"content":{"rendered":"\t\t<div data-elementor-type=\"wp-page\" data-elementor-id=\"3118\" class=\"elementor elementor-3118 elementor-649\" data-elementor-post-type=\"page\">\n\t\t\t\t\t\t<section class=\"elementor-section elementor-top-section elementor-element elementor-element-7099fa9a elementor-section-boxed elementor-section-height-default elementor-section-height-default\" data-id=\"7099fa9a\" data-element_type=\"section\" data-e-type=\"section\" data-settings=\"{&quot;background_background&quot;:&quot;classic&quot;}\">\n\t\t\t\t\t\t\t<div class=\"elementor-background-overlay\"><\/div>\n\t\t\t\t\t\t\t<div class=\"elementor-container elementor-column-gap-default\">\n\t\t\t\t\t<div class=\"elementor-column elementor-col-100 elementor-top-column elementor-element elementor-element-132f0418\" data-id=\"132f0418\" data-element_type=\"column\" data-e-type=\"column\">\n\t\t\t<div class=\"elementor-widget-wrap elementor-element-populated\">\n\t\t\t\t\t\t<div class=\"elementor-element elementor-element-15577186 elementor-widget elementor-widget-heading\" data-id=\"15577186\" data-element_type=\"widget\" data-e-type=\"widget\" data-widget_type=\"heading.default\">\n\t\t\t\t<div class=\"elementor-widget-container\">\n\t\t\t\t\t<h1 class=\"elementor-heading-title elementor-size-default\">Traduction \u00e9conomique et financi\u00e8re<\/h1>\t\t\t\t<\/div>\n\t\t\t\t<\/div>\n\t\t\t\t\t<\/div>\n\t\t<\/div>\n\t\t\t\t\t<\/div>\n\t\t<\/section>\n\t\t\t\t<section class=\"elementor-section elementor-top-section elementor-element elementor-element-9da81a9 elementor-section-boxed elementor-section-height-default elementor-section-height-default\" data-id=\"9da81a9\" data-element_type=\"section\" data-e-type=\"section\">\n\t\t\t\t\t\t<div class=\"elementor-container elementor-column-gap-default\">\n\t\t\t\t\t<div class=\"elementor-column elementor-col-100 elementor-top-column elementor-element elementor-element-8b823bf\" data-id=\"8b823bf\" data-element_type=\"column\" data-e-type=\"column\">\n\t\t\t<div class=\"elementor-widget-wrap elementor-element-populated\">\n\t\t\t\t\t\t<div class=\"elementor-element elementor-element-abd7397 elementor-widget elementor-widget-shortcode\" data-id=\"abd7397\" data-element_type=\"widget\" data-e-type=\"widget\" data-widget_type=\"shortcode.default\">\n\t\t\t\t<div class=\"elementor-widget-container\">\n\t\t\t\t\t\t\t<div class=\"elementor-shortcode\">\t\t<div data-elementor-type=\"section\" data-elementor-id=\"11484\" class=\"elementor elementor-11484\" data-elementor-post-type=\"elementor_library\">\n\t\t\t\t\t<section class=\"elementor-section elementor-top-section elementor-element elementor-element-27f03d1 elementor-section-boxed elementor-section-height-default elementor-section-height-default\" data-id=\"27f03d1\" data-element_type=\"section\" data-e-type=\"section\">\n\t\t\t\t\t\t<div class=\"elementor-container elementor-column-gap-default\">\n\t\t\t\t\t<div class=\"elementor-column elementor-col-100 elementor-top-column elementor-element elementor-element-cd7e92e\" data-id=\"cd7e92e\" data-element_type=\"column\" data-e-type=\"column\">\n\t\t\t<div class=\"elementor-widget-wrap elementor-element-populated\">\n\t\t\t\t\t\t<div class=\"elementor-element elementor-element-f105572 elementor-widget elementor-widget-jet-breadcrumbs\" data-id=\"f105572\" data-element_type=\"widget\" data-e-type=\"widget\" data-widget_type=\"jet-breadcrumbs.default\">\n\t\t\t\t<div class=\"elementor-widget-container\">\n\t\t\t\t\t<div class=\"elementor-jet-breadcrumbs jet-blocks\">\n\t\t<div class=\"jet-breadcrumbs\">\n\t\t<div class=\"jet-breadcrumbs__content\">\n\t\t<div class=\"jet-breadcrumbs__wrap\"><div class=\"jet-breadcrumbs__item\"><a href=\"https:\/\/tradas.com\/fr\/\" class=\"jet-breadcrumbs__item-link is-home\" rel=\"home\" title=\"Accueil\">Accueil<\/a><\/div>\n\t\t<\/div>\n\t\t<\/div>\n\t\t<\/div><\/div>\t\t\t\t<\/div>\n\t\t\t\t<\/div>\n\t\t\t\t\t<\/div>\n\t\t<\/div>\n\t\t\t\t\t<\/div>\n\t\t<\/section>\n\t\t\t\t<\/div>\n\t\t<\/div>\n\t\t\t\t\t\t<\/div>\n\t\t\t\t<\/div>\n\t\t\t\t\t<\/div>\n\t\t<\/div>\n\t\t\t\t\t<\/div>\n\t\t<\/section>\n\t\t\t\t<section class=\"elementor-section elementor-top-section elementor-element elementor-element-c07a479 elementor-reverse-mobile elementor-section-boxed elementor-section-height-default elementor-section-height-default\" data-id=\"c07a479\" data-element_type=\"section\" data-e-type=\"section\">\n\t\t\t\t\t\t<div class=\"elementor-container elementor-column-gap-default\">\n\t\t\t\t\t<div class=\"elementor-column elementor-col-50 elementor-top-column elementor-element elementor-element-18744cd8\" data-id=\"18744cd8\" data-element_type=\"column\" data-e-type=\"column\">\n\t\t\t<div class=\"elementor-widget-wrap elementor-element-populated\">\n\t\t\t\t\t\t<div class=\"elementor-element elementor-element-bd4329c elementor-widget elementor-widget-heading\" data-id=\"bd4329c\" data-element_type=\"widget\" data-e-type=\"widget\" data-widget_type=\"heading.default\">\n\t\t\t\t<div class=\"elementor-widget-container\">\n\t\t\t\t\t<h4 class=\"elementor-heading-title elementor-size-default\">Traduction sp\u00e9cialis\u00e9e<\/h4>\t\t\t\t<\/div>\n\t\t\t\t<\/div>\n\t\t\t\t<div class=\"elementor-element elementor-element-32ed25c1 elementor-nav-menu--dropdown-none elementor-widget elementor-widget-nav-menu\" data-id=\"32ed25c1\" data-element_type=\"widget\" data-e-type=\"widget\" data-settings=\"{&quot;layout&quot;:&quot;vertical&quot;,&quot;submenu_icon&quot;:{&quot;value&quot;:&quot;&lt;i class=\\&quot;\\&quot; aria-hidden=\\&quot;true\\&quot;&gt;&lt;\\\/i&gt;&quot;,&quot;library&quot;:&quot;&quot;}}\" data-widget_type=\"nav-menu.default\">\n\t\t\t\t<div class=\"elementor-widget-container\">\n\t\t\t\t\t\t\t\t<nav aria-label=\"Menu\" class=\"elementor-nav-menu--main elementor-nav-menu__container elementor-nav-menu--layout-vertical e--pointer-none\">\n\t\t\t\t<ul id=\"menu-1-32ed25c1\" class=\"elementor-nav-menu sm-vertical\"><li class=\"menu-item menu-item-type-post_type menu-item-object-page menu-item-3275\"><a href=\"https:\/\/tradas.com\/fr\/specialisations\/traduction-economique-financiere\/\" class=\"elementor-item\">Traduction \u00e9conomique et financi\u00e8re<\/a><\/li>\n<li class=\"menu-item menu-item-type-post_type menu-item-object-page menu-item-3280\"><a href=\"https:\/\/tradas.com\/fr\/specialisations\/traduction-informatique\/\" class=\"elementor-item\">Traduction informatique<\/a><\/li>\n<li class=\"menu-item menu-item-type-post_type menu-item-object-page menu-item-3277\"><a href=\"https:\/\/tradas.com\/fr\/specialisations\/traduction-juridique\/\" class=\"elementor-item\">Traduction juridique<\/a><\/li>\n<li class=\"menu-item menu-item-type-post_type menu-item-object-page menu-item-3274\"><a href=\"https:\/\/tradas.com\/fr\/specialisations\/traduction-litteraire-et-redactionnelle\/\" class=\"elementor-item\">Traduction litt\u00e9raire et r\u00e9dactionnelle<\/a><\/li>\n<li class=\"menu-item menu-item-type-post_type menu-item-object-page menu-item-3278\"><a href=\"https:\/\/tradas.com\/fr\/specialisations\/traduction-marketing\/\" class=\"elementor-item\">Traduction marketing<\/a><\/li>\n<li class=\"menu-item menu-item-type-post_type menu-item-object-page menu-item-3276\"><a href=\"https:\/\/tradas.com\/fr\/specialisations\/traduction-pouvoirs-publics\/\" class=\"elementor-item\">Traduction pour les pouvoirs publics<\/a><\/li>\n<li class=\"menu-item menu-item-type-post_type menu-item-object-page menu-item-3279\"><a href=\"https:\/\/tradas.com\/fr\/specialisations\/traduction-scientifique\/\" class=\"elementor-item\">Traduction scientifique<\/a><\/li>\n<li class=\"menu-item menu-item-type-post_type menu-item-object-page menu-item-3281\"><a href=\"https:\/\/tradas.com\/fr\/specialisations\/traduction-technique\/\" class=\"elementor-item\">Traduction technique<\/a><\/li>\n<\/ul>\t\t\t<\/nav>\n\t\t\t\t\t\t<nav class=\"elementor-nav-menu--dropdown elementor-nav-menu__container\" aria-hidden=\"true\">\n\t\t\t\t<ul id=\"menu-2-32ed25c1\" class=\"elementor-nav-menu sm-vertical\"><li class=\"menu-item menu-item-type-post_type menu-item-object-page menu-item-3275\"><a href=\"https:\/\/tradas.com\/fr\/specialisations\/traduction-economique-financiere\/\" class=\"elementor-item\" tabindex=\"-1\">Traduction \u00e9conomique et financi\u00e8re<\/a><\/li>\n<li class=\"menu-item menu-item-type-post_type menu-item-object-page menu-item-3280\"><a href=\"https:\/\/tradas.com\/fr\/specialisations\/traduction-informatique\/\" class=\"elementor-item\" tabindex=\"-1\">Traduction informatique<\/a><\/li>\n<li class=\"menu-item menu-item-type-post_type menu-item-object-page menu-item-3277\"><a href=\"https:\/\/tradas.com\/fr\/specialisations\/traduction-juridique\/\" class=\"elementor-item\" tabindex=\"-1\">Traduction juridique<\/a><\/li>\n<li class=\"menu-item menu-item-type-post_type menu-item-object-page menu-item-3274\"><a href=\"https:\/\/tradas.com\/fr\/specialisations\/traduction-litteraire-et-redactionnelle\/\" class=\"elementor-item\" tabindex=\"-1\">Traduction litt\u00e9raire et r\u00e9dactionnelle<\/a><\/li>\n<li class=\"menu-item menu-item-type-post_type menu-item-object-page menu-item-3278\"><a href=\"https:\/\/tradas.com\/fr\/specialisations\/traduction-marketing\/\" class=\"elementor-item\" tabindex=\"-1\">Traduction marketing<\/a><\/li>\n<li class=\"menu-item menu-item-type-post_type menu-item-object-page menu-item-3276\"><a href=\"https:\/\/tradas.com\/fr\/specialisations\/traduction-pouvoirs-publics\/\" class=\"elementor-item\" tabindex=\"-1\">Traduction pour les pouvoirs publics<\/a><\/li>\n<li class=\"menu-item menu-item-type-post_type menu-item-object-page menu-item-3279\"><a href=\"https:\/\/tradas.com\/fr\/specialisations\/traduction-scientifique\/\" class=\"elementor-item\" tabindex=\"-1\">Traduction scientifique<\/a><\/li>\n<li class=\"menu-item menu-item-type-post_type menu-item-object-page menu-item-3281\"><a href=\"https:\/\/tradas.com\/fr\/specialisations\/traduction-technique\/\" class=\"elementor-item\" tabindex=\"-1\">Traduction technique<\/a><\/li>\n<\/ul>\t\t\t<\/nav>\n\t\t\t\t\t\t<\/div>\n\t\t\t\t<\/div>\n\t\t\t\t\t<\/div>\n\t\t<\/div>\n\t\t\t\t<div class=\"elementor-column elementor-col-50 elementor-top-column elementor-element elementor-element-3e85300e col-extra-padding\" data-id=\"3e85300e\" data-element_type=\"column\" data-e-type=\"column\">\n\t\t\t<div class=\"elementor-widget-wrap elementor-element-populated\">\n\t\t\t\t\t\t<div class=\"elementor-element elementor-element-42c70ea8 elementor-widget elementor-widget-heading\" data-id=\"42c70ea8\" data-element_type=\"widget\" data-e-type=\"widget\" data-widget_type=\"heading.default\">\n\t\t\t\t<div class=\"elementor-widget-container\">\n\t\t\t\t\t<h2 class=\"elementor-heading-title elementor-size-default\">Services de traduction \u00e9conomique et financi\u00e8re, pour vous aider \u00e0 suivre l\u2019\u00e9volution des march\u00e9s<\/h2>\t\t\t\t<\/div>\n\t\t\t\t<\/div>\n\t\t\t\t<div class=\"elementor-element elementor-element-5adace1c elementor-widget elementor-widget-text-editor\" data-id=\"5adace1c\" data-element_type=\"widget\" data-e-type=\"widget\" data-widget_type=\"text-editor.default\">\n\t\t\t\t<div class=\"elementor-widget-container\">\n\t\t\t\t\t\t\t\t\t<p><strong><em>Rapports d\u2019activit\u00e9, bilans financiers, polices d\u2019assurance, comptes de r\u00e9sultats, analyses et obligations, documentation de produits financiers, \u00e9missions d\u2019actions, business plans, etc.<\/em><\/strong><\/p>\n<p>Vous suivez l\u2019\u00e9volution des march\u00e9s de pr\u00e8s, mais vous devez parfois aussi vous adapter \u00e0 de nouvelles normes comptables ou fiscales. La disponibilit\u00e9 rapide de documents traduits est un r\u00e9el atout pour suivre l\u2019\u00e9volution des march\u00e9s. Notre service de traduction \u00e9conomique et financi\u00e8re vous permet de communiquer dans un langage clair, pr\u00e9cis et \u00e0 propos. En faisant appel \u00e0 des sp\u00e9cialistes ma\u00eetrisant parfaitement votre sujet, vous disposez d\u2019un message adapt\u00e9 aux sp\u00e9cificit\u00e9s de vos march\u00e9s cibles.<\/p>\n<p>Ce service vous permet de rester flexible et r\u00e9actif sur un march\u00e9 en constante \u00e9volution. Nos solutions int\u00e9gr\u00e9es assurent en outre la coh\u00e9rence de vos communications tout en r\u00e9duisant vos co\u00fbts.<\/p>\t\t\t\t\t\t\t\t<\/div>\n\t\t\t\t<\/div>\n\t\t\t\t<div class=\"elementor-element elementor-element-a909030 elementor-widget elementor-widget-shortcode\" data-id=\"a909030\" data-element_type=\"widget\" data-e-type=\"widget\" data-widget_type=\"shortcode.default\">\n\t\t\t\t<div class=\"elementor-widget-container\">\n\t\t\t\t\t\t\t<div class=\"elementor-shortcode\">\t\t<div data-elementor-type=\"section\" data-elementor-id=\"8588\" class=\"elementor elementor-8588 elementor-5530 elementor-5530\" data-elementor-post-type=\"elementor_library\">\n\t\t\t\t\t<section class=\"elementor-section elementor-top-section elementor-element elementor-element-6628ff5f blue-gradient elementor-section-boxed elementor-section-height-default elementor-section-height-default\" data-id=\"6628ff5f\" data-element_type=\"section\" data-e-type=\"section\" data-settings=\"{&quot;background_background&quot;:&quot;gradient&quot;}\">\n\t\t\t\t\t\t<div class=\"elementor-container elementor-column-gap-default\">\n\t\t\t\t\t<div class=\"elementor-column elementor-col-50 elementor-top-column elementor-element elementor-element-660cabe7\" data-id=\"660cabe7\" data-element_type=\"column\" data-e-type=\"column\" data-settings=\"{&quot;animation&quot;:&quot;none&quot;}\">\n\t\t\t<div class=\"elementor-widget-wrap elementor-element-populated\">\n\t\t\t\t\t\t<div class=\"elementor-element elementor-element-5fc4d35 animated-fast elementor-view-default elementor-invisible elementor-widget elementor-widget-icon\" data-id=\"5fc4d35\" data-element_type=\"widget\" data-e-type=\"widget\" data-settings=\"{&quot;_animation&quot;:&quot;fadeInLeft&quot;,&quot;_animation_delay&quot;:0}\" data-widget_type=\"icon.default\">\n\t\t\t\t<div class=\"elementor-widget-container\">\n\t\t\t\t\t\t\t<div class=\"elementor-icon-wrapper\">\n\t\t\t<div class=\"elementor-icon\">\n\t\t\t<i aria-hidden=\"true\" class=\"icon icon-clock-line\"><\/i>\t\t\t<\/div>\n\t\t<\/div>\n\t\t\t\t\t\t<\/div>\n\t\t\t\t<\/div>\n\t\t\t\t<div class=\"elementor-element elementor-element-6ab9c866 animated-fast elementor-invisible elementor-widget elementor-widget-heading\" data-id=\"6ab9c866\" data-element_type=\"widget\" data-e-type=\"widget\" data-settings=\"{&quot;_animation&quot;:&quot;fadeInLeft&quot;,&quot;_animation_delay&quot;:0}\" data-widget_type=\"heading.default\">\n\t\t\t\t<div class=\"elementor-widget-container\">\n\t\t\t\t\t<h2 class=\"elementor-heading-title elementor-size-default\">Obtenez un devis gratuit<br>dans les 3 heures\n<\/h2>\t\t\t\t<\/div>\n\t\t\t\t<\/div>\n\t\t\t\t<div class=\"elementor-element elementor-element-5d150758 elementor-align-center animated-fast elementor-invisible elementor-widget elementor-widget-button\" data-id=\"5d150758\" data-element_type=\"widget\" data-e-type=\"widget\" data-settings=\"{&quot;_animation&quot;:&quot;fadeInLeft&quot;,&quot;_animation_delay&quot;:0}\" data-widget_type=\"button.default\">\n\t\t\t\t<div class=\"elementor-widget-container\">\n\t\t\t\t\t\t\t\t\t<div class=\"elementor-button-wrapper\">\n\t\t\t\t\t<a class=\"elementor-button elementor-button-link elementor-size-lg\" href=\"https:\/\/tradas.com\/fr\/demandez-votre-devis\/\">\n\t\t\t\t\t\t<span class=\"elementor-button-content-wrapper\">\n\t\t\t\t\t\t\t\t\t<span class=\"elementor-button-text\">Demandez votre devis<\/span>\n\t\t\t\t\t<\/span>\n\t\t\t\t\t<\/a>\n\t\t\t\t<\/div>\n\t\t\t\t\t\t\t\t<\/div>\n\t\t\t\t<\/div>\n\t\t\t\t\t<\/div>\n\t\t<\/div>\n\t\t\t\t<div class=\"elementor-column elementor-col-50 elementor-top-column elementor-element elementor-element-94ca00b\" data-id=\"94ca00b\" data-element_type=\"column\" data-e-type=\"column\">\n\t\t\t<div class=\"elementor-widget-wrap elementor-element-populated\">\n\t\t\t\t\t\t<div class=\"elementor-element elementor-element-9687c9c animated-fast elementor-view-default elementor-invisible elementor-widget elementor-widget-icon\" data-id=\"9687c9c\" data-element_type=\"widget\" data-e-type=\"widget\" data-settings=\"{&quot;_animation&quot;:&quot;fadeInRight&quot;}\" data-widget_type=\"icon.default\">\n\t\t\t\t<div class=\"elementor-widget-container\">\n\t\t\t\t\t\t\t<div class=\"elementor-icon-wrapper\">\n\t\t\t<div class=\"elementor-icon\">\n\t\t\t<i aria-hidden=\"true\" class=\"far fa-comments\"><\/i>\t\t\t<\/div>\n\t\t<\/div>\n\t\t\t\t\t\t<\/div>\n\t\t\t\t<\/div>\n\t\t\t\t<div class=\"elementor-element elementor-element-2ec76a3b animated-fast elementor-invisible elementor-widget elementor-widget-heading\" data-id=\"2ec76a3b\" data-element_type=\"widget\" data-e-type=\"widget\" data-settings=\"{&quot;_animation&quot;:&quot;fadeInRight&quot;}\" data-widget_type=\"heading.default\">\n\t\t\t\t<div class=\"elementor-widget-container\">\n\t\t\t\t\t<h2 class=\"elementor-heading-title elementor-size-default\">Vous voulez discuter<br>de votre projet ?\n<\/h2>\t\t\t\t<\/div>\n\t\t\t\t<\/div>\n\t\t\t\t<div class=\"elementor-element elementor-element-22494e91 elementor-align-center animated-fast elementor-invisible elementor-widget elementor-widget-button\" data-id=\"22494e91\" data-element_type=\"widget\" data-e-type=\"widget\" data-settings=\"{&quot;_animation&quot;:&quot;fadeInRight&quot;}\" data-widget_type=\"button.default\">\n\t\t\t\t<div class=\"elementor-widget-container\">\n\t\t\t\t\t\t\t\t\t<div class=\"elementor-button-wrapper\">\n\t\t\t\t\t<a class=\"elementor-button elementor-button-link elementor-size-lg\" href=\"https:\/\/tradas.com\/fr\/contactez-nous\/\">\n\t\t\t\t\t\t<span class=\"elementor-button-content-wrapper\">\n\t\t\t\t\t\t\t\t\t<span class=\"elementor-button-text\">Contactez-nous<\/span>\n\t\t\t\t\t<\/span>\n\t\t\t\t\t<\/a>\n\t\t\t\t<\/div>\n\t\t\t\t\t\t\t\t<\/div>\n\t\t\t\t<\/div>\n\t\t\t\t\t<\/div>\n\t\t<\/div>\n\t\t\t\t\t<\/div>\n\t\t<\/section>\n\t\t\t\t<\/div>\n\t\t<\/div>\n\t\t\t\t\t\t<\/div>\n\t\t\t\t<\/div>\n\t\t\t\t\t<\/div>\n\t\t<\/div>\n\t\t\t\t\t<\/div>\n\t\t<\/section>\n\t\t\t\t<\/div>\n\t\t","protected":false},"excerpt":{"rendered":"<p>Traduction \u00e9conomique et financi\u00e8re Traduction sp\u00e9cialis\u00e9e Services de traduction \u00e9conomique et financi\u00e8re, pour vous aider \u00e0 suivre l\u2019\u00e9volution des march\u00e9s Rapports d\u2019activit\u00e9, bilans financiers, polices d\u2019assurance, comptes de r\u00e9sultats, analyses et obligations, documentation de produits financiers, \u00e9missions d\u2019actions, business plans, etc. Vous suivez l\u2019\u00e9volution des march\u00e9s de pr\u00e8s, mais vous devez parfois aussi vous adapter [&hellip;]<\/p>\n","protected":false},"author":12,"featured_media":0,"parent":8494,"menu_order":0,"comment_status":"closed","ping_status":"closed","template":"","meta":{"footnotes":""},"class_list":["post-3118","page","type-page","status-publish","hentry"],"_links":{"self":[{"href":"https:\/\/tradas.com\/fr\/wp-json\/wp\/v2\/pages\/3118","targetHints":{"allow":["GET"]}}],"collection":[{"href":"https:\/\/tradas.com\/fr\/wp-json\/wp\/v2\/pages"}],"about":[{"href":"https:\/\/tradas.com\/fr\/wp-json\/wp\/v2\/types\/page"}],"author":[{"embeddable":true,"href":"https:\/\/tradas.com\/fr\/wp-json\/wp\/v2\/users\/12"}],"replies":[{"embeddable":true,"href":"https:\/\/tradas.com\/fr\/wp-json\/wp\/v2\/comments?post=3118"}],"version-history":[{"count":0,"href":"https:\/\/tradas.com\/fr\/wp-json\/wp\/v2\/pages\/3118\/revisions"}],"up":[{"embeddable":true,"href":"https:\/\/tradas.com\/fr\/wp-json\/wp\/v2\/pages\/8494"}],"wp:attachment":[{"href":"https:\/\/tradas.com\/fr\/wp-json\/wp\/v2\/media?parent=3118"}],"curies":[{"name":"wp","href":"https:\/\/api.w.org\/{rel}","templated":true}]}}