{"id":3137,"date":"2017-07-11T16:56:52","date_gmt":"2017-07-11T14:56:52","guid":{"rendered":"http:\/\/tradas.com\/?page_id=3137\/"},"modified":"2022-05-31T11:15:43","modified_gmt":"2022-05-31T09:15:43","slug":"traduction-informatique","status":"publish","type":"page","link":"https:\/\/tradas.com\/fr\/specialisations\/traduction-informatique\/","title":{"rendered":"Traduction informatique"},"content":{"rendered":"\t\t<div data-elementor-type=\"wp-page\" data-elementor-id=\"3137\" class=\"elementor elementor-3137 elementor-654\" data-elementor-post-type=\"page\">\n\t\t\t\t\t\t<section class=\"elementor-section elementor-top-section elementor-element elementor-element-19ab6b0e elementor-section-boxed elementor-section-height-default elementor-section-height-default\" data-id=\"19ab6b0e\" data-element_type=\"section\" data-e-type=\"section\" data-settings=\"{&quot;background_background&quot;:&quot;classic&quot;}\">\n\t\t\t\t\t\t\t<div class=\"elementor-background-overlay\"><\/div>\n\t\t\t\t\t\t\t<div class=\"elementor-container elementor-column-gap-default\">\n\t\t\t\t\t<div class=\"elementor-column elementor-col-100 elementor-top-column elementor-element elementor-element-42218f8f\" data-id=\"42218f8f\" data-element_type=\"column\" data-e-type=\"column\">\n\t\t\t<div class=\"elementor-widget-wrap elementor-element-populated\">\n\t\t\t\t\t\t<div class=\"elementor-element elementor-element-ae4b6bd elementor-widget elementor-widget-heading\" data-id=\"ae4b6bd\" data-element_type=\"widget\" data-e-type=\"widget\" data-widget_type=\"heading.default\">\n\t\t\t\t<div class=\"elementor-widget-container\">\n\t\t\t\t\t<h1 class=\"elementor-heading-title elementor-size-default\">Traduction informatique<\/h1>\t\t\t\t<\/div>\n\t\t\t\t<\/div>\n\t\t\t\t\t<\/div>\n\t\t<\/div>\n\t\t\t\t\t<\/div>\n\t\t<\/section>\n\t\t\t\t<section class=\"elementor-section elementor-top-section elementor-element elementor-element-f1b83a9 elementor-section-boxed elementor-section-height-default elementor-section-height-default\" data-id=\"f1b83a9\" data-element_type=\"section\" data-e-type=\"section\">\n\t\t\t\t\t\t<div class=\"elementor-container elementor-column-gap-default\">\n\t\t\t\t\t<div class=\"elementor-column elementor-col-100 elementor-top-column elementor-element elementor-element-f81a076\" data-id=\"f81a076\" data-element_type=\"column\" data-e-type=\"column\">\n\t\t\t<div class=\"elementor-widget-wrap elementor-element-populated\">\n\t\t\t\t\t\t<div class=\"elementor-element elementor-element-e32753d elementor-widget elementor-widget-shortcode\" data-id=\"e32753d\" data-element_type=\"widget\" data-e-type=\"widget\" data-widget_type=\"shortcode.default\">\n\t\t\t\t<div class=\"elementor-widget-container\">\n\t\t\t\t\t\t\t<div class=\"elementor-shortcode\">\t\t<div data-elementor-type=\"section\" data-elementor-id=\"11484\" class=\"elementor elementor-11484\" data-elementor-post-type=\"elementor_library\">\n\t\t\t\t\t<section class=\"elementor-section elementor-top-section elementor-element elementor-element-27f03d1 elementor-section-boxed elementor-section-height-default elementor-section-height-default\" data-id=\"27f03d1\" data-element_type=\"section\" data-e-type=\"section\">\n\t\t\t\t\t\t<div class=\"elementor-container elementor-column-gap-default\">\n\t\t\t\t\t<div class=\"elementor-column elementor-col-100 elementor-top-column elementor-element elementor-element-cd7e92e\" data-id=\"cd7e92e\" data-element_type=\"column\" data-e-type=\"column\">\n\t\t\t<div class=\"elementor-widget-wrap elementor-element-populated\">\n\t\t\t\t\t\t<div class=\"elementor-element elementor-element-f105572 elementor-widget elementor-widget-jet-breadcrumbs\" data-id=\"f105572\" data-element_type=\"widget\" data-e-type=\"widget\" data-widget_type=\"jet-breadcrumbs.default\">\n\t\t\t\t<div class=\"elementor-widget-container\">\n\t\t\t\t\t<div class=\"elementor-jet-breadcrumbs jet-blocks\">\n\t\t<div class=\"jet-breadcrumbs\">\n\t\t<div class=\"jet-breadcrumbs__content\">\n\t\t<div class=\"jet-breadcrumbs__wrap\"><div class=\"jet-breadcrumbs__item\"><a href=\"https:\/\/tradas.com\/fr\/\" class=\"jet-breadcrumbs__item-link is-home\" rel=\"home\" title=\"Accueil\">Accueil<\/a><\/div>\n\t\t<\/div>\n\t\t<\/div>\n\t\t<\/div><\/div>\t\t\t\t<\/div>\n\t\t\t\t<\/div>\n\t\t\t\t\t<\/div>\n\t\t<\/div>\n\t\t\t\t\t<\/div>\n\t\t<\/section>\n\t\t\t\t<\/div>\n\t\t<\/div>\n\t\t\t\t\t\t<\/div>\n\t\t\t\t<\/div>\n\t\t\t\t\t<\/div>\n\t\t<\/div>\n\t\t\t\t\t<\/div>\n\t\t<\/section>\n\t\t\t\t<section class=\"elementor-section elementor-top-section elementor-element elementor-element-f43c957 elementor-reverse-mobile elementor-section-boxed elementor-section-height-default elementor-section-height-default\" data-id=\"f43c957\" data-element_type=\"section\" data-e-type=\"section\">\n\t\t\t\t\t\t<div class=\"elementor-container elementor-column-gap-default\">\n\t\t\t\t\t<div class=\"elementor-column elementor-col-50 elementor-top-column elementor-element elementor-element-6cac8c67\" data-id=\"6cac8c67\" data-element_type=\"column\" data-e-type=\"column\">\n\t\t\t<div class=\"elementor-widget-wrap elementor-element-populated\">\n\t\t\t\t\t\t<div class=\"elementor-element elementor-element-22031ae elementor-widget elementor-widget-heading\" data-id=\"22031ae\" data-element_type=\"widget\" data-e-type=\"widget\" data-widget_type=\"heading.default\">\n\t\t\t\t<div class=\"elementor-widget-container\">\n\t\t\t\t\t<h4 class=\"elementor-heading-title elementor-size-default\">Traduction sp\u00e9cialis\u00e9e<\/h4>\t\t\t\t<\/div>\n\t\t\t\t<\/div>\n\t\t\t\t<div class=\"elementor-element elementor-element-387298b1 elementor-nav-menu--dropdown-none elementor-widget elementor-widget-nav-menu\" data-id=\"387298b1\" data-element_type=\"widget\" data-e-type=\"widget\" data-settings=\"{&quot;layout&quot;:&quot;vertical&quot;,&quot;submenu_icon&quot;:{&quot;value&quot;:&quot;&lt;i class=\\&quot;\\&quot; aria-hidden=\\&quot;true\\&quot;&gt;&lt;\\\/i&gt;&quot;,&quot;library&quot;:&quot;&quot;}}\" data-widget_type=\"nav-menu.default\">\n\t\t\t\t<div class=\"elementor-widget-container\">\n\t\t\t\t\t\t\t\t<nav aria-label=\"Menu\" class=\"elementor-nav-menu--main elementor-nav-menu__container elementor-nav-menu--layout-vertical e--pointer-none\">\n\t\t\t\t<ul id=\"menu-1-387298b1\" class=\"elementor-nav-menu sm-vertical\"><li class=\"menu-item menu-item-type-post_type menu-item-object-page menu-item-3275\"><a href=\"https:\/\/tradas.com\/fr\/specialisations\/traduction-economique-financiere\/\" class=\"elementor-item\">Traduction \u00e9conomique et financi\u00e8re<\/a><\/li>\n<li class=\"menu-item menu-item-type-post_type menu-item-object-page menu-item-3280\"><a href=\"https:\/\/tradas.com\/fr\/specialisations\/traduction-informatique\/\" class=\"elementor-item\">Traduction informatique<\/a><\/li>\n<li class=\"menu-item menu-item-type-post_type menu-item-object-page menu-item-3277\"><a href=\"https:\/\/tradas.com\/fr\/specialisations\/traduction-juridique\/\" class=\"elementor-item\">Traduction juridique<\/a><\/li>\n<li class=\"menu-item menu-item-type-post_type menu-item-object-page menu-item-3274\"><a href=\"https:\/\/tradas.com\/fr\/specialisations\/traduction-litteraire-et-redactionnelle\/\" class=\"elementor-item\">Traduction litt\u00e9raire et r\u00e9dactionnelle<\/a><\/li>\n<li class=\"menu-item menu-item-type-post_type menu-item-object-page menu-item-3278\"><a href=\"https:\/\/tradas.com\/fr\/specialisations\/traduction-marketing\/\" class=\"elementor-item\">Traduction marketing<\/a><\/li>\n<li class=\"menu-item menu-item-type-post_type menu-item-object-page menu-item-3276\"><a href=\"https:\/\/tradas.com\/fr\/specialisations\/traduction-pouvoirs-publics\/\" class=\"elementor-item\">Traduction pour les pouvoirs publics<\/a><\/li>\n<li class=\"menu-item menu-item-type-post_type menu-item-object-page menu-item-3279\"><a href=\"https:\/\/tradas.com\/fr\/specialisations\/traduction-scientifique\/\" class=\"elementor-item\">Traduction scientifique<\/a><\/li>\n<li class=\"menu-item menu-item-type-post_type menu-item-object-page menu-item-3281\"><a href=\"https:\/\/tradas.com\/fr\/specialisations\/traduction-technique\/\" class=\"elementor-item\">Traduction technique<\/a><\/li>\n<\/ul>\t\t\t<\/nav>\n\t\t\t\t\t\t<nav class=\"elementor-nav-menu--dropdown elementor-nav-menu__container\" aria-hidden=\"true\">\n\t\t\t\t<ul id=\"menu-2-387298b1\" class=\"elementor-nav-menu sm-vertical\"><li class=\"menu-item menu-item-type-post_type menu-item-object-page menu-item-3275\"><a href=\"https:\/\/tradas.com\/fr\/specialisations\/traduction-economique-financiere\/\" class=\"elementor-item\" tabindex=\"-1\">Traduction \u00e9conomique et financi\u00e8re<\/a><\/li>\n<li class=\"menu-item menu-item-type-post_type menu-item-object-page menu-item-3280\"><a href=\"https:\/\/tradas.com\/fr\/specialisations\/traduction-informatique\/\" class=\"elementor-item\" tabindex=\"-1\">Traduction informatique<\/a><\/li>\n<li class=\"menu-item menu-item-type-post_type menu-item-object-page menu-item-3277\"><a href=\"https:\/\/tradas.com\/fr\/specialisations\/traduction-juridique\/\" class=\"elementor-item\" tabindex=\"-1\">Traduction juridique<\/a><\/li>\n<li class=\"menu-item menu-item-type-post_type menu-item-object-page menu-item-3274\"><a href=\"https:\/\/tradas.com\/fr\/specialisations\/traduction-litteraire-et-redactionnelle\/\" class=\"elementor-item\" tabindex=\"-1\">Traduction litt\u00e9raire et r\u00e9dactionnelle<\/a><\/li>\n<li class=\"menu-item menu-item-type-post_type menu-item-object-page menu-item-3278\"><a href=\"https:\/\/tradas.com\/fr\/specialisations\/traduction-marketing\/\" class=\"elementor-item\" tabindex=\"-1\">Traduction marketing<\/a><\/li>\n<li class=\"menu-item menu-item-type-post_type menu-item-object-page menu-item-3276\"><a href=\"https:\/\/tradas.com\/fr\/specialisations\/traduction-pouvoirs-publics\/\" class=\"elementor-item\" tabindex=\"-1\">Traduction pour les pouvoirs publics<\/a><\/li>\n<li class=\"menu-item menu-item-type-post_type menu-item-object-page menu-item-3279\"><a href=\"https:\/\/tradas.com\/fr\/specialisations\/traduction-scientifique\/\" class=\"elementor-item\" tabindex=\"-1\">Traduction scientifique<\/a><\/li>\n<li class=\"menu-item menu-item-type-post_type menu-item-object-page menu-item-3281\"><a href=\"https:\/\/tradas.com\/fr\/specialisations\/traduction-technique\/\" class=\"elementor-item\" tabindex=\"-1\">Traduction technique<\/a><\/li>\n<\/ul>\t\t\t<\/nav>\n\t\t\t\t\t\t<\/div>\n\t\t\t\t<\/div>\n\t\t\t\t\t<\/div>\n\t\t<\/div>\n\t\t\t\t<div class=\"elementor-column elementor-col-50 elementor-top-column elementor-element elementor-element-51f0b4c6 col-extra-padding\" data-id=\"51f0b4c6\" data-element_type=\"column\" data-e-type=\"column\">\n\t\t\t<div class=\"elementor-widget-wrap elementor-element-populated\">\n\t\t\t\t\t\t<div class=\"elementor-element elementor-element-2cc5610f elementor-widget elementor-widget-heading\" data-id=\"2cc5610f\" data-element_type=\"widget\" data-e-type=\"widget\" data-widget_type=\"heading.default\">\n\t\t\t\t<div class=\"elementor-widget-container\">\n\t\t\t\t\t<h2 class=\"elementor-heading-title elementor-size-default\">Notre \u00e9quipe vous conseille sur la meilleure approche pour votre projet de traduction informatique<\/h2>\t\t\t\t<\/div>\n\t\t\t\t<\/div>\n\t\t\t\t<div class=\"elementor-element elementor-element-42600fd6 elementor-widget elementor-widget-text-editor\" data-id=\"42600fd6\" data-element_type=\"widget\" data-e-type=\"widget\" data-widget_type=\"text-editor.default\">\n\t\t\t\t<div class=\"elementor-widget-container\">\n\t\t\t\t\t\t\t\t\t<p><strong><em>Sites web \u00e0 contenu dynamique, interfaces, menus et bo\u00eetes de dialogue, manuels d\u2019utilisation, fichiers d\u2019aide, contenus dynamiques audio et vid\u00e9o, etc.<\/em><\/strong><\/p>\n\n<p>Pour rester concurrentiel sur un march\u00e9 en constante \u00e9volution, vous souhaitez tirer profit des nouvelles technologies pour une communication efficace et sur mesure dans toutes les langues de vos publics cibles.<\/p>\n\n<p>Chez Tradas, gestionnaires de projets et ing\u00e9nieurs en localisation vous conseillent sur la meilleure approche \u00e0 adopter pour mener \u00e0 bien votre projet. Nous constituons les \u00e9quipes en fonction des sp\u00e9cialisations requises et utilisons les programmes n\u00e9cessaires au traitement de vos fichiers li\u00e9s \u00e0 l\u2019interface (.rc, .xml\u2026) ou des composants web (.html, .script, .asp, .php, .js\u2026). Vous b\u00e9n\u00e9ficiez ainsi de l\u2019adaptation technique et culturelle de vos logiciels, applications et contenus pour les march\u00e9s cibles, afin d\u2019en garantir la parfaite compr\u00e9hension et le bon fonctionnement.<\/p>\t\t\t\t\t\t\t\t<\/div>\n\t\t\t\t<\/div>\n\t\t\t\t<div class=\"elementor-element elementor-element-2fbfe53 elementor-widget elementor-widget-shortcode\" data-id=\"2fbfe53\" data-element_type=\"widget\" data-e-type=\"widget\" data-widget_type=\"shortcode.default\">\n\t\t\t\t<div class=\"elementor-widget-container\">\n\t\t\t\t\t\t\t<div class=\"elementor-shortcode\">\t\t<div data-elementor-type=\"section\" data-elementor-id=\"8588\" class=\"elementor elementor-8588 elementor-5530 elementor-5530\" data-elementor-post-type=\"elementor_library\">\n\t\t\t\t\t<section class=\"elementor-section elementor-top-section elementor-element elementor-element-6628ff5f blue-gradient elementor-section-boxed elementor-section-height-default elementor-section-height-default\" data-id=\"6628ff5f\" data-element_type=\"section\" data-e-type=\"section\" data-settings=\"{&quot;background_background&quot;:&quot;gradient&quot;}\">\n\t\t\t\t\t\t<div class=\"elementor-container elementor-column-gap-default\">\n\t\t\t\t\t<div class=\"elementor-column elementor-col-50 elementor-top-column elementor-element elementor-element-660cabe7\" data-id=\"660cabe7\" data-element_type=\"column\" data-e-type=\"column\" data-settings=\"{&quot;animation&quot;:&quot;none&quot;}\">\n\t\t\t<div class=\"elementor-widget-wrap elementor-element-populated\">\n\t\t\t\t\t\t<div class=\"elementor-element elementor-element-5fc4d35 animated-fast elementor-view-default elementor-invisible elementor-widget elementor-widget-icon\" data-id=\"5fc4d35\" data-element_type=\"widget\" data-e-type=\"widget\" data-settings=\"{&quot;_animation&quot;:&quot;fadeInLeft&quot;,&quot;_animation_delay&quot;:0}\" data-widget_type=\"icon.default\">\n\t\t\t\t<div class=\"elementor-widget-container\">\n\t\t\t\t\t\t\t<div class=\"elementor-icon-wrapper\">\n\t\t\t<div class=\"elementor-icon\">\n\t\t\t<i aria-hidden=\"true\" class=\"icon icon-clock-line\"><\/i>\t\t\t<\/div>\n\t\t<\/div>\n\t\t\t\t\t\t<\/div>\n\t\t\t\t<\/div>\n\t\t\t\t<div class=\"elementor-element elementor-element-6ab9c866 animated-fast elementor-invisible elementor-widget elementor-widget-heading\" data-id=\"6ab9c866\" data-element_type=\"widget\" data-e-type=\"widget\" data-settings=\"{&quot;_animation&quot;:&quot;fadeInLeft&quot;,&quot;_animation_delay&quot;:0}\" data-widget_type=\"heading.default\">\n\t\t\t\t<div class=\"elementor-widget-container\">\n\t\t\t\t\t<h2 class=\"elementor-heading-title elementor-size-default\">Obtenez un devis gratuit<br>dans les 3 heures\n<\/h2>\t\t\t\t<\/div>\n\t\t\t\t<\/div>\n\t\t\t\t<div class=\"elementor-element elementor-element-5d150758 elementor-align-center animated-fast elementor-invisible elementor-widget elementor-widget-button\" data-id=\"5d150758\" data-element_type=\"widget\" data-e-type=\"widget\" data-settings=\"{&quot;_animation&quot;:&quot;fadeInLeft&quot;,&quot;_animation_delay&quot;:0}\" data-widget_type=\"button.default\">\n\t\t\t\t<div class=\"elementor-widget-container\">\n\t\t\t\t\t\t\t\t\t<div class=\"elementor-button-wrapper\">\n\t\t\t\t\t<a class=\"elementor-button elementor-button-link elementor-size-lg\" href=\"https:\/\/tradas.com\/fr\/demandez-votre-devis\/\">\n\t\t\t\t\t\t<span class=\"elementor-button-content-wrapper\">\n\t\t\t\t\t\t\t\t\t<span class=\"elementor-button-text\">Demandez votre devis<\/span>\n\t\t\t\t\t<\/span>\n\t\t\t\t\t<\/a>\n\t\t\t\t<\/div>\n\t\t\t\t\t\t\t\t<\/div>\n\t\t\t\t<\/div>\n\t\t\t\t\t<\/div>\n\t\t<\/div>\n\t\t\t\t<div class=\"elementor-column elementor-col-50 elementor-top-column elementor-element elementor-element-94ca00b\" data-id=\"94ca00b\" data-element_type=\"column\" data-e-type=\"column\">\n\t\t\t<div class=\"elementor-widget-wrap elementor-element-populated\">\n\t\t\t\t\t\t<div class=\"elementor-element elementor-element-9687c9c animated-fast elementor-view-default elementor-invisible elementor-widget elementor-widget-icon\" data-id=\"9687c9c\" data-element_type=\"widget\" data-e-type=\"widget\" data-settings=\"{&quot;_animation&quot;:&quot;fadeInRight&quot;}\" data-widget_type=\"icon.default\">\n\t\t\t\t<div class=\"elementor-widget-container\">\n\t\t\t\t\t\t\t<div class=\"elementor-icon-wrapper\">\n\t\t\t<div class=\"elementor-icon\">\n\t\t\t<i aria-hidden=\"true\" class=\"far fa-comments\"><\/i>\t\t\t<\/div>\n\t\t<\/div>\n\t\t\t\t\t\t<\/div>\n\t\t\t\t<\/div>\n\t\t\t\t<div class=\"elementor-element elementor-element-2ec76a3b animated-fast elementor-invisible elementor-widget elementor-widget-heading\" data-id=\"2ec76a3b\" data-element_type=\"widget\" data-e-type=\"widget\" data-settings=\"{&quot;_animation&quot;:&quot;fadeInRight&quot;}\" data-widget_type=\"heading.default\">\n\t\t\t\t<div class=\"elementor-widget-container\">\n\t\t\t\t\t<h2 class=\"elementor-heading-title elementor-size-default\">Vous voulez discuter<br>de votre projet ?\n<\/h2>\t\t\t\t<\/div>\n\t\t\t\t<\/div>\n\t\t\t\t<div class=\"elementor-element elementor-element-22494e91 elementor-align-center animated-fast elementor-invisible elementor-widget elementor-widget-button\" data-id=\"22494e91\" data-element_type=\"widget\" data-e-type=\"widget\" data-settings=\"{&quot;_animation&quot;:&quot;fadeInRight&quot;}\" data-widget_type=\"button.default\">\n\t\t\t\t<div class=\"elementor-widget-container\">\n\t\t\t\t\t\t\t\t\t<div class=\"elementor-button-wrapper\">\n\t\t\t\t\t<a class=\"elementor-button elementor-button-link elementor-size-lg\" href=\"https:\/\/tradas.com\/fr\/contactez-nous\/\">\n\t\t\t\t\t\t<span class=\"elementor-button-content-wrapper\">\n\t\t\t\t\t\t\t\t\t<span class=\"elementor-button-text\">Contactez-nous<\/span>\n\t\t\t\t\t<\/span>\n\t\t\t\t\t<\/a>\n\t\t\t\t<\/div>\n\t\t\t\t\t\t\t\t<\/div>\n\t\t\t\t<\/div>\n\t\t\t\t\t<\/div>\n\t\t<\/div>\n\t\t\t\t\t<\/div>\n\t\t<\/section>\n\t\t\t\t<\/div>\n\t\t<\/div>\n\t\t\t\t\t\t<\/div>\n\t\t\t\t<\/div>\n\t\t\t\t\t<\/div>\n\t\t<\/div>\n\t\t\t\t\t<\/div>\n\t\t<\/section>\n\t\t\t\t<\/div>\n\t\t","protected":false},"excerpt":{"rendered":"<p>Traduction informatique Traduction sp\u00e9cialis\u00e9e Notre \u00e9quipe vous conseille sur la meilleure approche pour votre projet de traduction informatique Sites web \u00e0 contenu dynamique, interfaces, menus et bo\u00eetes de dialogue, manuels d\u2019utilisation, fichiers d\u2019aide, contenus dynamiques audio et vid\u00e9o, etc. Pour rester concurrentiel sur un march\u00e9 en constante \u00e9volution, vous souhaitez tirer profit des nouvelles technologies [&hellip;]<\/p>\n","protected":false},"author":12,"featured_media":0,"parent":8494,"menu_order":0,"comment_status":"closed","ping_status":"closed","template":"","meta":{"footnotes":""},"class_list":["post-3137","page","type-page","status-publish","hentry"],"_links":{"self":[{"href":"https:\/\/tradas.com\/fr\/wp-json\/wp\/v2\/pages\/3137","targetHints":{"allow":["GET"]}}],"collection":[{"href":"https:\/\/tradas.com\/fr\/wp-json\/wp\/v2\/pages"}],"about":[{"href":"https:\/\/tradas.com\/fr\/wp-json\/wp\/v2\/types\/page"}],"author":[{"embeddable":true,"href":"https:\/\/tradas.com\/fr\/wp-json\/wp\/v2\/users\/12"}],"replies":[{"embeddable":true,"href":"https:\/\/tradas.com\/fr\/wp-json\/wp\/v2\/comments?post=3137"}],"version-history":[{"count":0,"href":"https:\/\/tradas.com\/fr\/wp-json\/wp\/v2\/pages\/3137\/revisions"}],"up":[{"embeddable":true,"href":"https:\/\/tradas.com\/fr\/wp-json\/wp\/v2\/pages\/8494"}],"wp:attachment":[{"href":"https:\/\/tradas.com\/fr\/wp-json\/wp\/v2\/media?parent=3137"}],"curies":[{"name":"wp","href":"https:\/\/api.w.org\/{rel}","templated":true}]}}